{"id":9,"date":"2020-06-24T20:44:09","date_gmt":"2020-06-24T20:44:09","guid":{"rendered":"https:\/\/www.kiesiel.com\/?page_id=9"},"modified":"2022-05-31T10:23:10","modified_gmt":"2022-05-31T10:23:10","slug":"ueber-uns","status":"publish","type":"page","link":"https:\/\/www.kiesiel.com\/index.php\/ueber-uns\/","title":{"rendered":"CV"},"content":{"rendered":"<div class=\"wpb-content-wrapper\"><p>[vc_row][vc_column][vc_column_text]<\/p>\n<div class=\"wp-block-image\">\n<figure class=\"aligncenter is-resized\"><img loading=\"lazy\" decoding=\"async\" class=\"alignnone wp-image-456 size-medium\" src=\"https:\/\/www.kiesiel.com\/wp-content\/uploads\/2021\/05\/Boje-rund-500-300x300.png\" alt=\"\" width=\"300\" height=\"300\" srcset=\"https:\/\/www.kiesiel.com\/wp-content\/uploads\/2021\/05\/Boje-rund-500-300x300.png 300w, https:\/\/www.kiesiel.com\/wp-content\/uploads\/2021\/05\/Boje-rund-500-150x150.png 150w, https:\/\/www.kiesiel.com\/wp-content\/uploads\/2021\/05\/Boje-rund-500-468x468.png 468w, https:\/\/www.kiesiel.com\/wp-content\/uploads\/2021\/05\/Boje-rund-500.png 500w\" sizes=\"auto, (max-width: 300px) 100vw, 300px\" \/><\/figure>\n<\/div>\n<p>&nbsp;<\/p>\n\n<h1 class=\"has-large-font-size\">Boje Arndt Kiesiel<\/h1>\n<p><strong>CV<\/strong><\/p>\n<p>1973 geboren in Lindau am Bodensee, lebt seit Kurzem wieder in Hamburg<\/p>\n<p>2008 &#8211; 2010 Mitgr\u00fcnder des freien Kunstraums nachtspeicher23 e.V. in Hamburg St. Georg<\/p>\n<p>2010 &#8211; 2012 Mitglied des K\u00fcnstlerhauses Wendenstra\u00dfe45 in Hamburg<\/p>\n<p>2012 Gewinner des Wettbewerbs zum Thema &#8222;Anti-Konsum&#8220; von ArtCollectorsClub M\u00fcnchen<\/p>\n<p>2012 Umzug nach Berlin, seit 2015 Mitglied des K\u00fcnstlerzentrums HB55 in Berlin<\/p>\n<p>2020 Umzug nach Hamburg<\/p>\n<p><br \/>\n[\/vc_column_text][vc_column_text]<strong>Vita<\/strong><\/p>\n<p><!-- \/wp:post-content --><!-- wp:paragraph -->Das Durchdringen von Oberfl\u00e4chen ist der rote Faden, der sich durch s\u00e4mtliche Schaffensbereiche im Oeuvre von Boje Arndt Kiesiel (*1973) zieht. Immer wieder bricht der Maler und Objektk\u00fcnstler sie in seinen Werken auf, um Verdecktes und Verborgenes sichtbar zu machen. Nachdem er in seinen Assemblagen der letzten Jahre in den Spiegelungen der gl\u00e4nzenden und glatten Oberfl\u00e4chen insbesondere konsum- und gesellschaftskritische Themen reflektierte, bringen die neueren Malereien subjektive Wahrheiten ans Licht.<\/p>\n<p><!-- \/wp:paragraph --><!-- wp:paragraph -->Das Thema korreliert dabei mit der Arbeitsweise: in Form von D\u00e9frottagen tr\u00e4gt Kiesiel Farbe sukzessive ab und fertigt invertierte Malereien. Die Bildoberfl\u00e4che wird so ge\u00f6ffnet und dem Betrachter der Blick auf das \u201eDahinter\u201c gew\u00e4hrt. Dieses erweist sich dabei als \u00e4u\u00dferst tiefschichtig. Denn nicht nur die Oberfl\u00e4che des Bildes wird durch die zwischen Abstraktion und gedachter Figuration changierenden, hellen Gebilden aufgebrochen, die einer arch\u00e4ologischen Grabung gleich aus der Farbe geborgen werden und damit \u00fcberdies Verborgenes empor holen. Vielmehr l\u00f6sen sie in Analogie dazu ebenfalls eine Freisetzung von Verborgenem im Betrachter aus.<\/p>\n<p><!-- \/wp:paragraph --><!-- wp:paragraph -->Denn was man in diesen D\u00e9frottagen sieht, h\u00e4ngt ma\u00dfgeblich von der subjektiven Imagination des Rezipienten ab. Die Leinwand wird so zu einer Projektionsfl\u00e4che innerer Bilder und fordert gleichsam einen Betrachter, der sich aus seiner Komfortzone herausbewegt, indem er Kunst nicht allein konsumiert, sondern aktiv partizipiert. Damit kn\u00fcpft Kiesiel auch mit seinen Malereien an die wesentlichen Aspekte seines bisherigen Schaffens an, das, fernab von Kontemplation, einen m\u00fcndigen Betrachter fordert.<\/p>\n<p><!-- \/wp:paragraph --><!-- wp:paragraph -->Aus dem Graffiti kommend, l\u00e4sst Boje Arndt Kiesiel Elemente der LowBrow-, Urban- und Pop Art bis heute gelegentlich in seiner Kunst durchscheinen. In Malerei, Assemblagen, Skulpturen, Zeichnung, Fotografie und Installationen hat er sich \u00fcber die Jahre hin weg immer wieder neu erfunden. Kiesiel lebt und arbeitet in Berlin und Hamburg.<\/p>\n<p>&nbsp;<\/p>\n<p>Text: Anne Simone Kr\u00fcger<\/p>\n<p>&nbsp;<\/p>\n<p><!-- \/wp:paragraph --><br \/>\n<!-- wp:paragraph \/--><br \/>\n<!-- wp:paragraph \/--><br \/>\n<!-- \/wp:paragraph --><br \/>\n<!-- wp:paragraph --><!-- \/wp:paragraph --><br \/>\n<!-- wp:paragraph --><!-- \/wp:paragraph -->[\/vc_column_text][vc_column_text]<strong>Einzelausstellungen (Auswahl):<\/strong><\/p>\n<p>2021\/ 2022: <em>the precious schmozzle, <\/em>Dentalzentrum Pankow, Berlin<\/p>\n<p>2021: <em>BAD GUY, <\/em>Enfant Artspace,<span class=\"LrzXr\"> Hamburg<\/span><\/p>\n<p>&nbsp;<\/p>\n<p><!-- \/wp:paragraph --><!-- wp:paragraph -->2012: <em>echoes<\/em>, Affenfaust Galerie, Hamburg<\/p>\n<p>2011: <em>Zombies<\/em>, Galerie Halb Acht, Hamburg<\/p>\n<p>2010: <em>beyond the night<\/em>, Galerie Halb Acht, Hamburg<\/p>\n<p>2010: <em>pling<\/em>, Poly Galerie, Karlsruhe<\/p>\n<p>2009: <em>Schwebezustand<\/em> nachtspeicher23, Hamburg<\/p>\n<p>2009: <em>UTOP<\/em>, Galerie Halb Acht, Hamburg<!-- \/wp:paragraph -->[\/vc_column_text][vc_column_text]<\/p>\n<p><strong>Grupenausstellungen (Auswahl):<\/strong><\/p>\n<p>2022: \u201eaus_bruch\u201c, xpon-art gallery, Hamburg<\/p>\n<p>2022: &#8222;Familiar strangers&#8220; Online-Ausstellung, <a href=\"https:\/\/wowxwow.com\/gallery\">WOW-x-WOW<\/a>\u00a0by Tim McLean<\/p>\n<p>2022: \u201eMicro Visions 5\u201c Online-Ausstellung, <a href=\"https:\/\/wowxwow.com\/gallery\">WOW-x-WOW<\/a>\u00a0by Tim McLean<\/p>\n<p>&nbsp;<\/p>\n<p>2021: &#8222;Don`t Wake Daddy XVI&#8220;, Galerie Feinkunst Kr\u00fcger, Hamburg<\/p>\n<p>&nbsp;<\/p>\n<p>2020: MeetFrida, Online- und Plakatausstellung im \u00f6ffentlichem Raum<\/p>\n<p>2020: PArt, Online-Ausstellung<\/p>\n<p>2020: Groupshow, Galerie Oberfett, Hamburg<\/p>\n<p>&nbsp;<\/p>\n<p>2019: Don\u2019t wake daddy XIV, internationale Gruppenausstellung, Galerie Feinkunst Kr\u00fcger, Hamburg<\/p>\n<p>&nbsp;<\/p>\n<p>2018: Dark delight, nachtspeicher23, Hamburg<\/p>\n<p>&nbsp;<\/p>\n<p>2017: Knotenpunkt17, internationales Kunstfestival, Galerie Affenfaust, Hamburg<\/p>\n<p>2017: INTUITION, xpon-art, Hamburg<\/p>\n<p>2017: WHAT THE WEEKEND IS GALLERY 2, THE ART UNION, Berlin<\/p>\n<p>&nbsp;<\/p>\n<p>2016: Don\u2019t wake daddy XI, internationale Gruppenausstellung, Galerie Feinkunst Kr\u00fcger, Hamburg<\/p>\n<p>2016: formidabel, Affenfaust Galerie, Hamburg<\/p>\n<p>2016: MenschTierWir, Affenfaust Galerie, Hamburg<\/p>\n<p>2016: TIMES SHAPES \/ REACTIONS, Gruppenausstellung des K\u00fcnstlerzentrums HB55, Berlin<\/p>\n<p>2016: Millerntor Gallery #6, internationale Gruppenausstellung von viva con agua, Millerntor-Stadion, Hamburg<\/p>\n<p>2016: ART-MAP internationales Kunstfestival, Ponte de Lima \/ Portugal<\/p>\n<p>&nbsp;<\/p>\n<p>2015: Don\u2019t wake daddy X, Galerie Feinkunst Kr\u00fcger, Hamburg<\/p>\n<p>2015: Das eigene Ich, Galerie Affenfaust, Hamburg<\/p>\n<p>2015: Millerntor gallery #5, internationale Gruppenausstellung, Millerntor-Stadion, Hamburg<\/p>\n<p>2015: Knotenpunkt15, internationales Kunstfestival, Affenfaust Galerie, Hamburg<\/p>\n<p>2015: Don\u00b4t Look Now!, internationale Gruppenausstellung von Sweet Art, London \/ UK<\/p>\n<p>&nbsp;<\/p>\n<p>2014: Millerntor gallery #4, internationale Gruppenausstellung von viva con agua, Millerntor-Stadion, Hamburg<\/p>\n<p>2014: Katzen gehen immer, Galerie Affenfaust, Hamburg<\/p>\n<p>2014: Knotenpunkt14, internationales UrbanArt-Festival von Galerie Affenfaust, Hamburg<\/p>\n<p>2014: Don\u2019t wake daddy IX, internationale Gruppenausstellung, Galerie Feinkunst Kr\u00fcger, Hamburg<\/p>\n<p>&nbsp;<\/p>\n<p>2013: Adbusters situation, Ausstellung im Rahmen des Forums ekg bei Oko Miasta und Galerie Hyperion, Katowice \/ Polen<\/p>\n<p>2013: crash, polnisch-deutsche Gruppenausstellung Teil 2, FKT, Bochum<\/p>\n<p>2013: crash, polnisch-deutsche Gruppenausstellung Teil 1, Galerie Szyb Wilson, Katowice \/ Polen<\/p>\n<p>2013: Knotenpunkt13, internationales UrbanArt-Festival von Galerie Affenfaust, Hamburg<\/p>\n<p>&nbsp;<\/p>\n<p>2012: Don\u2019t wake daddy VII, Apokalypse how, internationale Gruppenausstellung, Galerie Feinkunst Kr\u00fcger, Hamburg<\/p>\n<p>2012: Support your local heroes, Galerie HalbAcht, Hamburg<\/p>\n<p>2012: Wendenstra\u00dfe 45, Galerie Oelfrueh, Hamburg<\/p>\n<p>2012: SIAL \u2013 Silence is a lie, internationale UrbanArt Ausstellung, Berlin<\/p>\n<p>&nbsp;<\/p>\n<p>2011: Support your local heroes, Galerie HalbAcht, Hamburg<\/p>\n<p>2011: WRY!, Galerie Genscher, Hamburg<\/p>\n<p>2011: Pong, Galerie HalbAcht, Hamburg<\/p>\n<p>&nbsp;<\/p>\n<p>2010: Support your local heroes, Galerie HalbAcht, Hamburg<\/p>\n<p>2010: TIKTAK, Poly Galerie, Karlsruhe<\/p>\n<p>2010: kOnfUSioN mit Uli Pforr, Hinterconti, Hamburg<\/p>\n<p>&nbsp;<\/p>\n<p>2009: End of year exhibition, Bauart, Hamburg<\/p>\n<p>2009: Puzzelink: Hamburg Hafencity, Galerie M6, Hamburg<\/p>\n<p>&nbsp;<\/p>\n<p>2008 Opening, nachtspeicher23, Hamburg<\/p>\n<p>2008 St. Pauli Kreativ-Nacht#1, Hamburg<\/p>\n<p>&nbsp;<\/p>\n<p>1991 Watercolours, Sternschnuppe, L\u00fcbeck<\/p>\n<p>[\/vc_column_text][vc_column_text]<b>Messen:<\/b><\/p>\n<p>2021: Affordable Online artfair | MeetFrida<\/p>\n<p>2015: <i>AAF, <\/i>pr\u00e4sentiert von Galerie Only Art Club, Hamburg<\/p>\n<p>2015: <i>Stroke Ltd.<\/i>, M\u00fcnchen<\/p>\n<p>2010: <i>UND#5<\/i>, nachtspeicher23 in Karlsruhe<\/p>\n<p>&nbsp;[\/vc_column_text][\/vc_column][\/vc_row]<\/p>\n<\/div>","protected":false},"excerpt":{"rendered":"<p>[vc_row][vc_column][vc_column_text]&nbsp; Boje Arndt Kiesiel CV 1973 geboren in Lindau am Bodensee, lebt seit Kurzem wieder in Hamburg 2008 &#8211; 2010 Mitgr\u00fcnder des freien Kunstraums nachtspeicher23 e.V. in Hamburg St. Georg 2010 &#8211; 2012 Mitglied des K\u00fcnstlerhauses Wendenstra\u00dfe45 in Hamburg 2012 Gewinner des Wettbewerbs zum Thema &#8222;Anti-Konsum&#8220; von ArtCollectorsClub M\u00fcnchen 2012 Umzug nach Berlin, seit 2015&hellip;<\/p>\n","protected":false},"author":1,"featured_media":112,"parent":0,"menu_order":0,"comment_status":"closed","ping_status":"closed","template":"","meta":{"footnotes":""},"class_list":["post-9","page","type-page","status-publish","has-post-thumbnail","hentry"],"_links":{"self":[{"href":"https:\/\/www.kiesiel.com\/index.php\/wp-json\/wp\/v2\/pages\/9","targetHints":{"allow":["GET"]}}],"collection":[{"href":"https:\/\/www.kiesiel.com\/index.php\/wp-json\/wp\/v2\/pages"}],"about":[{"href":"https:\/\/www.kiesiel.com\/index.php\/wp-json\/wp\/v2\/types\/page"}],"author":[{"embeddable":true,"href":"https:\/\/www.kiesiel.com\/index.php\/wp-json\/wp\/v2\/users\/1"}],"replies":[{"embeddable":true,"href":"https:\/\/www.kiesiel.com\/index.php\/wp-json\/wp\/v2\/comments?post=9"}],"version-history":[{"count":30,"href":"https:\/\/www.kiesiel.com\/index.php\/wp-json\/wp\/v2\/pages\/9\/revisions"}],"predecessor-version":[{"id":518,"href":"https:\/\/www.kiesiel.com\/index.php\/wp-json\/wp\/v2\/pages\/9\/revisions\/518"}],"wp:featuredmedia":[{"embeddable":true,"href":"https:\/\/www.kiesiel.com\/index.php\/wp-json\/wp\/v2\/media\/112"}],"wp:attachment":[{"href":"https:\/\/www.kiesiel.com\/index.php\/wp-json\/wp\/v2\/media?parent=9"}],"curies":[{"name":"wp","href":"https:\/\/api.w.org\/{rel}","templated":true}]}}